{"id":13896,"date":"2023-01-15T12:29:41","date_gmt":"2023-01-15T12:29:41","guid":{"rendered":"https:\/\/www.easyrentpro.com\/blog\/"},"modified":"2023-01-26T17:23:46","modified_gmt":"2023-01-26T17:23:46","slug":"blog","status":"publish","type":"page","link":"https:\/\/www.easyrentpro.com\/es\/blog\/","title":{"rendered":"Blog"},"content":{"rendered":"\t\t<div data-elementor-type=\"wp-page\" data-elementor-id=\"13896\" class=\"elementor elementor-13896 elementor-13304\">\n\t\t\t\t\t\t\t\t\t<section class=\"elementor-section elementor-top-section elementor-element elementor-element-e6c74a8 elementor-section-boxed elementor-section-height-default elementor-section-height-default\" data-id=\"e6c74a8\" data-element_type=\"section\" data-settings=\"{&quot;background_background&quot;:&quot;classic&quot;,&quot;shape_divider_bottom&quot;:&quot;arrow&quot;}\">\n\t\t\t\t\t<div class=\"elementor-shape elementor-shape-bottom\" data-negative=\"false\">\n\t\t\t<svg xmlns=\"http:\/\/www.w3.org\/2000\/svg\" viewBox=\"0 0 700 10\" preserveAspectRatio=\"none\">\n\t<path class=\"elementor-shape-fill\" d=\"M350,10L340,0h20L350,10z\"\/>\n<\/svg>\t\t<\/div>\n\t\t\t\t\t<div class=\"elementor-container elementor-column-gap-default\">\n\t\t\t\t\t<div class=\"elementor-column elementor-col-100 elementor-top-column elementor-element elementor-element-65aafe4\" data-id=\"65aafe4\" data-element_type=\"column\">\n\t\t\t<div class=\"elementor-widget-wrap elementor-element-populated\">\n\t\t\t\t\t\t\t\t<div class=\"elementor-element elementor-element-cbcbf09 elementor-widget elementor-widget-heading\" data-id=\"cbcbf09\" data-element_type=\"widget\" data-widget_type=\"heading.default\">\n\t\t\t\t<div class=\"elementor-widget-container\">\n\t\t\t<style>\/*! elementor - v3.12.1 - 02-04-2023 *\/\n.elementor-heading-title{padding:0;margin:0;line-height:1}.elementor-widget-heading .elementor-heading-title[class*=elementor-size-]>a{color:inherit;font-size:inherit;line-height:inherit}.elementor-widget-heading .elementor-heading-title.elementor-size-small{font-size:15px}.elementor-widget-heading .elementor-heading-title.elementor-size-medium{font-size:19px}.elementor-widget-heading .elementor-heading-title.elementor-size-large{font-size:29px}.elementor-widget-heading .elementor-heading-title.elementor-size-xl{font-size:39px}.elementor-widget-heading .elementor-heading-title.elementor-size-xxl{font-size:59px}<\/style><h2 class=\"elementor-heading-title elementor-size-default\">Blog<\/h2>\t\t<\/div>\n\t\t\t\t<\/div>\n\t\t\t\t\t<\/div>\n\t\t<\/div>\n\t\t\t\t\t\t\t<\/div>\n\t\t<\/section>\n\t\t\t\t<section class=\"elementor-section elementor-top-section elementor-element elementor-element-c69f38d elementor-section-boxed elementor-section-height-default elementor-section-height-default\" data-id=\"c69f38d\" data-element_type=\"section\">\n\t\t\t\t\t\t<div class=\"elementor-container elementor-column-gap-default\">\n\t\t\t\t\t<div class=\"elementor-column elementor-col-100 elementor-top-column elementor-element elementor-element-fc8afbe\" data-id=\"fc8afbe\" data-element_type=\"column\">\n\t\t\t<div class=\"elementor-widget-wrap elementor-element-populated\">\n\t\t\t\t\t\t\t\t<div class=\"elementor-element elementor-element-53dc459 elementor-grid-3 elementor-grid-tablet-2 elementor-grid-mobile-1 elementor-posts--thumbnail-top elementor-card-shadow-yes elementor-posts__hover-gradient elementor-widget elementor-widget-posts\" data-id=\"53dc459\" data-element_type=\"widget\" data-settings=\"{&quot;cards_masonry&quot;:&quot;yes&quot;,&quot;pagination_type&quot;:&quot;numbers_and_prev_next&quot;,&quot;cards_columns&quot;:&quot;3&quot;,&quot;cards_columns_tablet&quot;:&quot;2&quot;,&quot;cards_columns_mobile&quot;:&quot;1&quot;,&quot;cards_row_gap&quot;:{&quot;unit&quot;:&quot;px&quot;,&quot;size&quot;:35,&quot;sizes&quot;:[]},&quot;cards_row_gap_tablet&quot;:{&quot;unit&quot;:&quot;px&quot;,&quot;size&quot;:&quot;&quot;,&quot;sizes&quot;:[]},&quot;cards_row_gap_mobile&quot;:{&quot;unit&quot;:&quot;px&quot;,&quot;size&quot;:&quot;&quot;,&quot;sizes&quot;:[]}}\" data-widget_type=\"posts.cards\">\n\t\t\t\t<div class=\"elementor-widget-container\">\n\t\t\t<link rel=\"stylesheet\" href=\"https:\/\/www.easyrentpro.com\/wp-content\/plugins\/elementor-pro\/assets\/css\/widget-posts.min.css\">\t\t<div class=\"elementor-posts-container elementor-posts elementor-posts--skin-cards elementor-grid\">\n\t\t\t\t<article class=\"elementor-post elementor-grid-item post-13227 post type-post status-publish format-standard has-post-thumbnail hentry\">\n\t\t\t<div class=\"elementor-post__card\">\n\t\t\t\t<a class=\"elementor-post__thumbnail__link\" href=\"https:\/\/www.easyrentpro.com\/es\/nuevo-ley-de-alquiler-de-vehivulos-retiradas-entra-en-vigor\/\" ><div class=\"elementor-post__thumbnail\"><img decoding=\"async\" width=\"300\" height=\"169\" src=\"https:\/\/www.easyrentpro.com\/wp-content\/uploads\/2023\/01\/630x355-300x169.jpg\" class=\"attachment-medium size-medium wp-image-13218\" alt=\"\" srcset=\"https:\/\/www.easyrentpro.com\/wp-content\/uploads\/2023\/01\/630x355-300x169.jpg 300w, https:\/\/www.easyrentpro.com\/wp-content\/uploads\/2023\/01\/630x355-600x338.jpg 600w, https:\/\/www.easyrentpro.com\/wp-content\/uploads\/2023\/01\/630x355.jpg 630w\" sizes=\"(max-width: 300px) 100vw, 300px\" \/><\/div><\/a>\n\t\t\t\t<div class=\"elementor-post__text\">\n\t\t\t\t<h3 class=\"elementor-post__title\">\n\t\t\t<a href=\"https:\/\/www.easyrentpro.com\/es\/nuevo-ley-de-alquiler-de-vehivulos-retiradas-entra-en-vigor\/\" >\n\t\t\t\tNuevo ley de alquiler de vehivulos retiradas entra en vigor.\t\t\t<\/a>\n\t\t<\/h3>\n\t\t\t\t<div class=\"elementor-post__excerpt\">\n\t\t\t<p>El mi\u00e9rcoles, una ley federal que entr\u00f3 en vigor que impide a las empresas de alquiler de coches de alquilar<\/p>\n\t\t<\/div>\n\t\t\n\t\t<a class=\"elementor-post__read-more\" href=\"https:\/\/www.easyrentpro.com\/es\/nuevo-ley-de-alquiler-de-vehivulos-retiradas-entra-en-vigor\/\" aria-label=\"M\u00e1s informaci\u00f3n sobre Nuevo ley de alquiler de vehivulos retiradas entra en vigor.\" >\n\t\t\tLee mas \u00bb\t\t<\/a>\n\n\t\t\t\t<\/div>\n\t\t\t\t<div class=\"elementor-post__meta-data\">\n\t\t\t\t\t<span class=\"elementor-post-date\">\n\t\t\tjulio 6, 2016\t\t<\/span>\n\t\t\t\t<\/div>\n\t\t\t\t\t<\/div>\n\t\t<\/article>\n\t\t\t\t<article class=\"elementor-post elementor-grid-item post-13226 post type-post status-publish format-standard has-post-thumbnail hentry\">\n\t\t\t<div class=\"elementor-post__card\">\n\t\t\t\t<a class=\"elementor-post__thumbnail__link\" href=\"https:\/\/www.easyrentpro.com\/es\/las-empresas-de-alquiler-de-phoenix-desafio-34-millones-en-impuestos\/\" ><div class=\"elementor-post__thumbnail\"><img decoding=\"async\" width=\"300\" height=\"122\" src=\"https:\/\/www.easyrentpro.com\/wp-content\/uploads\/2023\/01\/m-m-stadium-1-2-1-1-300x122.jpg\" class=\"attachment-medium size-medium wp-image-13211\" alt=\"\" srcset=\"https:\/\/www.easyrentpro.com\/wp-content\/uploads\/2023\/01\/m-m-stadium-1-2-1-1-300x122.jpg 300w, https:\/\/www.easyrentpro.com\/wp-content\/uploads\/2023\/01\/m-m-stadium-1-2-1-1-600x244.jpg 600w, https:\/\/www.easyrentpro.com\/wp-content\/uploads\/2023\/01\/m-m-stadium-1-2-1-1.jpg 640w\" sizes=\"(max-width: 300px) 100vw, 300px\" \/><\/div><\/a>\n\t\t\t\t<div class=\"elementor-post__text\">\n\t\t\t\t<h3 class=\"elementor-post__title\">\n\t\t\t<a href=\"https:\/\/www.easyrentpro.com\/es\/las-empresas-de-alquiler-de-phoenix-desafio-34-millones-en-impuestos\/\" >\n\t\t\t\tLas empresas de alquiler de Phoenix Desaf\u00edo $ 34 millones en impuestos\t\t\t<\/a>\n\t\t<\/h3>\n\t\t\t\t<div class=\"elementor-post__excerpt\">\n\t\t\t<p>Empresas de alquiler de autom\u00f3viles est\u00e1n buscando para obtener la devoluci\u00f3n de un impuesto recaudado por la ciudad de Phoenix,<\/p>\n\t\t<\/div>\n\t\t\n\t\t<a class=\"elementor-post__read-more\" href=\"https:\/\/www.easyrentpro.com\/es\/las-empresas-de-alquiler-de-phoenix-desafio-34-millones-en-impuestos\/\" aria-label=\"M\u00e1s informaci\u00f3n sobre Las empresas de alquiler de Phoenix Desaf\u00edo $ 34 millones en impuestos\" >\n\t\t\tLee mas \u00bb\t\t<\/a>\n\n\t\t\t\t<\/div>\n\t\t\t\t<div class=\"elementor-post__meta-data\">\n\t\t\t\t\t<span class=\"elementor-post-date\">\n\t\t\tjulio 5, 2016\t\t<\/span>\n\t\t\t\t<\/div>\n\t\t\t\t\t<\/div>\n\t\t<\/article>\n\t\t\t\t<article class=\"elementor-post elementor-grid-item post-13222 post type-post status-publish format-standard has-post-thumbnail hentry category-sin-categorizar\">\n\t\t\t<div class=\"elementor-post__card\">\n\t\t\t\t<a class=\"elementor-post__thumbnail__link\" href=\"https:\/\/www.easyrentpro.com\/es\/campanillas-de-advertencia-defectuosos-urgen-chevrolet-para-ordenar-de-regreso\/\" ><div class=\"elementor-post__thumbnail\"><img decoding=\"async\" width=\"300\" height=\"202\" src=\"https:\/\/www.easyrentpro.com\/wp-content\/uploads\/2023\/01\/m-cq5dam-web-1280-1280-17-1-300x202.jpg\" class=\"attachment-medium size-medium wp-image-13209\" alt=\"\" srcset=\"https:\/\/www.easyrentpro.com\/wp-content\/uploads\/2023\/01\/m-cq5dam-web-1280-1280-17-1-300x202.jpg 300w, https:\/\/www.easyrentpro.com\/wp-content\/uploads\/2023\/01\/m-cq5dam-web-1280-1280-17-1-600x403.jpg 600w, https:\/\/www.easyrentpro.com\/wp-content\/uploads\/2023\/01\/m-cq5dam-web-1280-1280-17-1.jpg 640w\" sizes=\"(max-width: 300px) 100vw, 300px\" \/><\/div><\/a>\n\t\t\t\t<div class=\"elementor-post__text\">\n\t\t\t\t<h3 class=\"elementor-post__title\">\n\t\t\t<a href=\"https:\/\/www.easyrentpro.com\/es\/campanillas-de-advertencia-defectuosos-urgen-chevrolet-para-ordenar-de-regreso\/\" >\n\t\t\t\tCampanillas de advertencia defectuosos urgen Chevrolet a retirar\t\t\t<\/a>\n\t\t<\/h3>\n\t\t\t\t<div class=\"elementor-post__excerpt\">\n\t\t\t<p>General Motors est\u00e1 retirando del mercado 18.780\u00a0veh\u00edculos modelos\u00a0Chevrolet Sonic y Trax del a\u00f1o 2015-2016 \u00a0, junto con \u00abMI-Spark\u00bb autos subcompactos<\/p>\n\t\t<\/div>\n\t\t\n\t\t<a class=\"elementor-post__read-more\" href=\"https:\/\/www.easyrentpro.com\/es\/campanillas-de-advertencia-defectuosos-urgen-chevrolet-para-ordenar-de-regreso\/\" aria-label=\"M\u00e1s informaci\u00f3n sobre Campanillas de advertencia defectuosos urgen Chevrolet a retirar\" >\n\t\t\tLee mas \u00bb\t\t<\/a>\n\n\t\t\t\t<\/div>\n\t\t\t\t<div class=\"elementor-post__meta-data\">\n\t\t\t\t\t<span class=\"elementor-post-date\">\n\t\t\tjulio 1, 2016\t\t<\/span>\n\t\t\t\t<\/div>\n\t\t\t\t\t<\/div>\n\t\t<\/article>\n\t\t\t\t<article class=\"elementor-post elementor-grid-item post-13223 post type-post status-publish format-standard has-post-thumbnail hentry category-sin-categorizar\">\n\t\t\t<div class=\"elementor-post__card\">\n\t\t\t\t<a class=\"elementor-post__thumbnail__link\" href=\"https:\/\/www.easyrentpro.com\/es\/el-mas-alto-prediccion-de-viaje-de-4-de-julio\/\" ><div class=\"elementor-post__thumbnail\"><img decoding=\"async\" width=\"300\" height=\"225\" src=\"https:\/\/www.easyrentpro.com\/wp-content\/uploads\/2023\/01\/m-2016-independence-day-travel-forecast-1-300x225.jpg\" class=\"attachment-medium size-medium wp-image-13220\" alt=\"\" srcset=\"https:\/\/www.easyrentpro.com\/wp-content\/uploads\/2023\/01\/m-2016-independence-day-travel-forecast-1-300x225.jpg 300w, https:\/\/www.easyrentpro.com\/wp-content\/uploads\/2023\/01\/m-2016-independence-day-travel-forecast-1-600x450.jpg 600w, https:\/\/www.easyrentpro.com\/wp-content\/uploads\/2023\/01\/m-2016-independence-day-travel-forecast-1.jpg 640w\" sizes=\"(max-width: 300px) 100vw, 300px\" \/><\/div><\/a>\n\t\t\t\t<div class=\"elementor-post__text\">\n\t\t\t\t<h3 class=\"elementor-post__title\">\n\t\t\t<a href=\"https:\/\/www.easyrentpro.com\/es\/el-mas-alto-prediccion-de-viaje-de-4-de-julio\/\" >\n\t\t\t\tEl m\u00e1s alto predicci\u00f3n de viaje de \u00ab4 de julio\u00bb\t\t\t<\/a>\n\t\t<\/h3>\n\t\t\t\t<div class=\"elementor-post__excerpt\">\n\t\t\t<p>Durante el pr\u00f3ximo fin de semana \u00abD\u00eda de la Independencia\u00bb; AAA predice que casi 43 millones de estadounidenses viajar\u00e1n. De<\/p>\n\t\t<\/div>\n\t\t\n\t\t<a class=\"elementor-post__read-more\" href=\"https:\/\/www.easyrentpro.com\/es\/el-mas-alto-prediccion-de-viaje-de-4-de-julio\/\" aria-label=\"M\u00e1s informaci\u00f3n sobre El m\u00e1s alto predicci\u00f3n de viaje de \u00ab4 de julio\u00bb\" >\n\t\t\tLee mas \u00bb\t\t<\/a>\n\n\t\t\t\t<\/div>\n\t\t\t\t<div class=\"elementor-post__meta-data\">\n\t\t\t\t\t<span class=\"elementor-post-date\">\n\t\t\tjulio 1, 2016\t\t<\/span>\n\t\t\t\t<\/div>\n\t\t\t\t\t<\/div>\n\t\t<\/article>\n\t\t\t\t<article class=\"elementor-post elementor-grid-item post-13224 post type-post status-publish format-standard has-post-thumbnail hentry category-sin-categorizar\">\n\t\t\t<div class=\"elementor-post__card\">\n\t\t\t\t<a class=\"elementor-post__thumbnail__link\" href=\"https:\/\/www.easyrentpro.com\/es\/opiniones-sobre-vehiculos-auto-conduccion-varian-entre-neoyorquinos-y-texans\/\" ><div class=\"elementor-post__thumbnail\"><img decoding=\"async\" width=\"300\" height=\"199\" src=\"https:\/\/www.easyrentpro.com\/wp-content\/uploads\/2023\/01\/Volvo-XC90-Drive-Me-Test-Vehicle-Front-End-300x199.jpg\" class=\"attachment-medium size-medium wp-image-13216\" alt=\"\" srcset=\"https:\/\/www.easyrentpro.com\/wp-content\/uploads\/2023\/01\/Volvo-XC90-Drive-Me-Test-Vehicle-Front-End-300x199.jpg 300w, https:\/\/www.easyrentpro.com\/wp-content\/uploads\/2023\/01\/Volvo-XC90-Drive-Me-Test-Vehicle-Front-End-600x398.jpg 600w, https:\/\/www.easyrentpro.com\/wp-content\/uploads\/2023\/01\/Volvo-XC90-Drive-Me-Test-Vehicle-Front-End.jpg 660w\" sizes=\"(max-width: 300px) 100vw, 300px\" \/><\/div><\/a>\n\t\t\t\t<div class=\"elementor-post__text\">\n\t\t\t\t<h3 class=\"elementor-post__title\">\n\t\t\t<a href=\"https:\/\/www.easyrentpro.com\/es\/opiniones-sobre-vehiculos-auto-conduccion-varian-entre-neoyorquinos-y-texans\/\" >\n\t\t\t\tOPINIONES SOBRE VEH\u00cdCULOS AUTO-CONDUCCI\u00d3N, VARIAN ENTRE NEOYORQUINOS Y TEXANS\t\t\t<\/a>\n\t\t<\/h3>\n\t\t\t\t<div class=\"elementor-post__excerpt\">\n\t\t\t<p>Volvo est\u00e1 presionando agresivamente coches auto-conducci\u00f3n. Es poner veh\u00edculo aut\u00f3nomo 100 en carreteras p\u00fablicas en Gothenburg, Suecia el pr\u00f3ximo a\u00f1o<\/p>\n\t\t<\/div>\n\t\t\n\t\t<a class=\"elementor-post__read-more\" href=\"https:\/\/www.easyrentpro.com\/es\/opiniones-sobre-vehiculos-auto-conduccion-varian-entre-neoyorquinos-y-texans\/\" aria-label=\"M\u00e1s informaci\u00f3n sobre OPINIONES SOBRE VEH\u00cdCULOS AUTO-CONDUCCI\u00d3N, VARIAN ENTRE NEOYORQUINOS Y TEXANS\" >\n\t\t\tLee mas \u00bb\t\t<\/a>\n\n\t\t\t\t<\/div>\n\t\t\t\t<div class=\"elementor-post__meta-data\">\n\t\t\t\t\t<span class=\"elementor-post-date\">\n\t\t\tjulio 1, 2016\t\t<\/span>\n\t\t\t\t<\/div>\n\t\t\t\t\t<\/div>\n\t\t<\/article>\n\t\t\t\t<article class=\"elementor-post elementor-grid-item post-13225 post type-post status-publish format-standard has-post-thumbnail hentry category-sin-categorizar\">\n\t\t\t<div class=\"elementor-post__card\">\n\t\t\t\t<a class=\"elementor-post__thumbnail__link\" href=\"https:\/\/www.easyrentpro.com\/es\/uberpool-remata-1-millon-de-usuarios-en-londres\/\" ><div class=\"elementor-post__thumbnail\"><img decoding=\"async\" width=\"200\" height=\"258\" src=\"https:\/\/www.easyrentpro.com\/wp-content\/uploads\/2023\/01\/m-m-uber-request-1-2-1-1.jpg\" class=\"attachment-medium size-medium wp-image-13213\" alt=\"\" \/><\/div><\/a>\n\t\t\t\t<div class=\"elementor-post__text\">\n\t\t\t\t<h3 class=\"elementor-post__title\">\n\t\t\t<a href=\"https:\/\/www.easyrentpro.com\/es\/uberpool-remata-1-millon-de-usuarios-en-londres\/\" >\n\t\t\t\tUberPool remata 1 mill\u00f3n de usuarios en Londres\t\t\t<\/a>\n\t\t<\/h3>\n\t\t\t\t<div class=\"elementor-post__excerpt\">\n\t\t\t<p>Servicio de uso compartido de veh\u00edculos de Uber \u00abUberPool\u00bb, se ha utilizado m\u00e1s de 1 mill\u00f3n de veces en Londres<\/p>\n\t\t<\/div>\n\t\t\n\t\t<a class=\"elementor-post__read-more\" href=\"https:\/\/www.easyrentpro.com\/es\/uberpool-remata-1-millon-de-usuarios-en-londres\/\" aria-label=\"M\u00e1s informaci\u00f3n sobre UberPool remata 1 mill\u00f3n de usuarios en Londres\" >\n\t\t\tLee mas \u00bb\t\t<\/a>\n\n\t\t\t\t<\/div>\n\t\t\t\t<div class=\"elementor-post__meta-data\">\n\t\t\t\t\t<span class=\"elementor-post-date\">\n\t\t\tjulio 1, 2016\t\t<\/span>\n\t\t\t\t<\/div>\n\t\t\t\t\t<\/div>\n\t\t<\/article>\n\t\t\t\t<article class=\"elementor-post elementor-grid-item post-13221 post type-post status-publish format-standard has-post-thumbnail hentry category-sin-categorizar\">\n\t\t\t<div class=\"elementor-post__card\">\n\t\t\t\t<a class=\"elementor-post__thumbnail__link\" href=\"https:\/\/www.easyrentpro.com\/es\/brexit-puede-costar-fabricantes-de-automoviles-28-millones-de-ventas-mundiales-dice-ihs\/\" ><div class=\"elementor-post__thumbnail\"><img decoding=\"async\" width=\"300\" height=\"180\" src=\"https:\/\/www.easyrentpro.com\/wp-content\/uploads\/2016\/07\/AR-306299958-300x180.jpg\" class=\"attachment-medium size-medium wp-image-12559\" alt=\"\" srcset=\"https:\/\/www.easyrentpro.com\/wp-content\/uploads\/2016\/07\/AR-306299958-300x180.jpg 300w, https:\/\/www.easyrentpro.com\/wp-content\/uploads\/2016\/07\/AR-306299958-768x461.jpg 768w, https:\/\/www.easyrentpro.com\/wp-content\/uploads\/2016\/07\/AR-306299958.jpg 900w, https:\/\/www.easyrentpro.com\/wp-content\/uploads\/2016\/07\/AR-306299958-600x360.jpg 600w\" sizes=\"(max-width: 300px) 100vw, 300px\" \/><\/div><\/a>\n\t\t\t\t<div class=\"elementor-post__text\">\n\t\t\t\t<h3 class=\"elementor-post__title\">\n\t\t\t<a href=\"https:\/\/www.easyrentpro.com\/es\/brexit-puede-costar-fabricantes-de-automoviles-28-millones-de-ventas-mundiales-dice-ihs\/\" >\n\t\t\t\tBrexit puede costar fabricantes de autom\u00f3viles 2,8 millones de ventas mundiales, dice IHS.\t\t\t<\/a>\n\t\t<\/h3>\n\t\t\t\t<div class=\"elementor-post__excerpt\">\n\t\t\t<p>El voto del Reino Unido para salir de la Uni\u00f3n Europea puede costar fabricantes de autom\u00f3viles alrededor de 2,8 millones<\/p>\n\t\t<\/div>\n\t\t\n\t\t<a class=\"elementor-post__read-more\" href=\"https:\/\/www.easyrentpro.com\/es\/brexit-puede-costar-fabricantes-de-automoviles-28-millones-de-ventas-mundiales-dice-ihs\/\" aria-label=\"M\u00e1s informaci\u00f3n sobre Brexit puede costar fabricantes de autom\u00f3viles 2,8 millones de ventas mundiales, dice IHS.\" >\n\t\t\tLee mas \u00bb\t\t<\/a>\n\n\t\t\t\t<\/div>\n\t\t\t\t<div class=\"elementor-post__meta-data\">\n\t\t\t\t\t<span class=\"elementor-post-date\">\n\t\t\tjunio 30, 2016\t\t<\/span>\n\t\t\t\t<\/div>\n\t\t\t\t\t<\/div>\n\t\t<\/article>\n\t\t\t\t<\/div>\n\t\t\n\t\t\t\t<\/div>\n\t\t\t\t<\/div>\n\t\t\t\t\t<\/div>\n\t\t<\/div>\n\t\t\t\t\t\t\t<\/div>\n\t\t<\/section>\n\t\t\t\t\t\t\t<\/div>\n\t\t","protected":false},"excerpt":{"rendered":"<p>Blog<\/p>\n","protected":false},"author":1,"featured_media":0,"parent":0,"menu_order":0,"comment_status":"closed","ping_status":"closed","template":"elementor_header_footer","meta":{"om_disable_all_campaigns":false,"_mi_skip_tracking":false,"footnotes":""},"class_list":["post-13896","page","type-page","status-publish","hentry"],"aioseo_notices":[],"_links":{"self":[{"href":"https:\/\/www.easyrentpro.com\/es\/wp-json\/wp\/v2\/pages\/13896","targetHints":{"allow":["GET"]}}],"collection":[{"href":"https:\/\/www.easyrentpro.com\/es\/wp-json\/wp\/v2\/pages"}],"about":[{"href":"https:\/\/www.easyrentpro.com\/es\/wp-json\/wp\/v2\/types\/page"}],"author":[{"embeddable":true,"href":"https:\/\/www.easyrentpro.com\/es\/wp-json\/wp\/v2\/users\/1"}],"replies":[{"embeddable":true,"href":"https:\/\/www.easyrentpro.com\/es\/wp-json\/wp\/v2\/comments?post=13896"}],"version-history":[{"count":1,"href":"https:\/\/www.easyrentpro.com\/es\/wp-json\/wp\/v2\/pages\/13896\/revisions"}],"predecessor-version":[{"id":13897,"href":"https:\/\/www.easyrentpro.com\/es\/wp-json\/wp\/v2\/pages\/13896\/revisions\/13897"}],"wp:attachment":[{"href":"https:\/\/www.easyrentpro.com\/es\/wp-json\/wp\/v2\/media?parent=13896"}],"curies":[{"name":"wp","href":"https:\/\/api.w.org\/{rel}","templated":true}]}}