{"id":13777,"date":"2023-01-13T13:12:51","date_gmt":"2023-01-13T13:12:51","guid":{"rendered":"https:\/\/www.easyrentpro.com\/politica-de-reembolso\/"},"modified":"2023-01-25T16:29:50","modified_gmt":"2023-01-25T16:29:50","slug":"politica-de-reembolso-easy-rent-pro","status":"publish","type":"page","link":"https:\/\/www.easyrentpro.com\/es\/politica-de-reembolso-easy-rent-pro\/","title":{"rendered":"Politica de Reembolso"},"content":{"rendered":"\t\t<div data-elementor-type=\"wp-page\" data-elementor-id=\"13777\" class=\"elementor elementor-13777 elementor-338\">\n\t\t\t\t\t\t\t\t\t<section class=\"elementor-section elementor-top-section elementor-element elementor-element-0cf288d elementor-section-height-min-height elementor-section-boxed elementor-section-height-default elementor-section-items-middle\" data-id=\"0cf288d\" data-element_type=\"section\" data-settings=\"{&quot;background_background&quot;:&quot;classic&quot;}\">\n\t\t\t\t\t\t\t<div class=\"elementor-background-overlay\"><\/div>\n\t\t\t\t\t\t\t<div class=\"elementor-container elementor-column-gap-default\">\n\t\t\t\t\t<div class=\"elementor-column elementor-col-100 elementor-top-column elementor-element elementor-element-86e6fa8\" data-id=\"86e6fa8\" data-element_type=\"column\">\n\t\t\t<div class=\"elementor-widget-wrap elementor-element-populated\">\n\t\t\t\t\t\t\t\t<div class=\"elementor-element elementor-element-1d3d572 elementor-widget elementor-widget-heading\" data-id=\"1d3d572\" data-element_type=\"widget\" data-widget_type=\"heading.default\">\n\t\t\t\t<div class=\"elementor-widget-container\">\n\t\t\t<style>\/*! elementor - v3.12.1 - 02-04-2023 *\/\n.elementor-heading-title{padding:0;margin:0;line-height:1}.elementor-widget-heading .elementor-heading-title[class*=elementor-size-]>a{color:inherit;font-size:inherit;line-height:inherit}.elementor-widget-heading .elementor-heading-title.elementor-size-small{font-size:15px}.elementor-widget-heading .elementor-heading-title.elementor-size-medium{font-size:19px}.elementor-widget-heading .elementor-heading-title.elementor-size-large{font-size:29px}.elementor-widget-heading .elementor-heading-title.elementor-size-xl{font-size:39px}.elementor-widget-heading .elementor-heading-title.elementor-size-xxl{font-size:59px}<\/style><h2 class=\"elementor-heading-title elementor-size-default\"><span style=\"color:#f85e28\">Politica de<\/span>  Reembolso<\/h2>\t\t<\/div>\n\t\t\t\t<\/div>\n\t\t\t\t\t<\/div>\n\t\t<\/div>\n\t\t\t\t\t\t\t<\/div>\n\t\t<\/section>\n\t\t\t\t<section class=\"elementor-section elementor-top-section elementor-element elementor-element-41ddcc4 elementor-section-boxed elementor-section-height-default elementor-section-height-default\" data-id=\"41ddcc4\" data-element_type=\"section\" data-settings=\"{&quot;background_background&quot;:&quot;classic&quot;}\">\n\t\t\t\t\t\t<div class=\"elementor-container elementor-column-gap-default\">\n\t\t\t\t\t<div class=\"elementor-column elementor-col-100 elementor-top-column elementor-element elementor-element-b012af0\" data-id=\"b012af0\" data-element_type=\"column\">\n\t\t\t<div class=\"elementor-widget-wrap elementor-element-populated\">\n\t\t\t\t\t\t\t\t<div class=\"elementor-element elementor-element-6efd3d5 elementor-widget elementor-widget-text-editor\" data-id=\"6efd3d5\" data-element_type=\"widget\" data-widget_type=\"text-editor.default\">\n\t\t\t\t<div class=\"elementor-widget-container\">\n\t\t\t<style>\/*! elementor - v3.12.1 - 02-04-2023 *\/\n.elementor-widget-text-editor.elementor-drop-cap-view-stacked .elementor-drop-cap{background-color:#69727d;color:#fff}.elementor-widget-text-editor.elementor-drop-cap-view-framed .elementor-drop-cap{color:#69727d;border:3px solid;background-color:transparent}.elementor-widget-text-editor:not(.elementor-drop-cap-view-default) .elementor-drop-cap{margin-top:8px}.elementor-widget-text-editor:not(.elementor-drop-cap-view-default) .elementor-drop-cap-letter{width:1em;height:1em}.elementor-widget-text-editor .elementor-drop-cap{float:left;text-align:center;line-height:1;font-size:50px}.elementor-widget-text-editor .elementor-drop-cap-letter{display:inline-block}<\/style>\t\t\t\t<ul><li>Productos \u201cEasyRentPro Software\u201d son descargables, completamente funcional, y \u201cprobar antes de comprar\u201d. Para su comodidad le ofrecemos un per\u00edodo de prueba gratuita de nuestro software para que pueda evaluar plenamente nuestros productos. El per\u00edodo de prueba para todos nuestros productos es de 30 d\u00edas.<\/li><li>Le solicitamos encarecidamente que utilice el per\u00edodo de prueba para asegurarse de que el software funcione para usted antes de comprar una licencia. Todo nuestro software se puede utilizar durante el per\u00edodo de prueba sin limitaciones. Durante el per\u00edodo de prueba, ninguno de nuestros software requiere registrarse para habilitar sus funcionalidades principales.<\/li><li>Cuando usted compra uno de nuestros productos y su pago ha despejado, un correo electr\u00f3nico ser\u00e1 enviado a usted con los archivos del producto o c\u00f3digo de activaci\u00f3n para desbloquear el software. Una vez que los archivos del producto o \u201cc\u00f3digo de activaci\u00f3n\u201d para desbloquear el software est\u00e1n enviados por correo electr\u00f3nico a usted, no habr\u00e1 reembolsos dados. La raz\u00f3n es que ser\u00eda imposible para que usted regrese a su versi\u00f3n registrada de nuestro software o archivos enviados a usted por correo electr\u00f3nico de nuevo a nosotros. Con una compra minorista tradicional, que son capaces de devolver un producto f\u00edsico.<\/li><li>Durante su per\u00edodo de prueba, nuestro personal de soporte est\u00e1 disponible para ayudarle con la instalaci\u00f3n y la configuraci\u00f3n a trav\u00e9s de correo electr\u00f3nico, y si es necesario, se ofrece soporte telef\u00f3nico limitado (adem\u00e1s de nuestra variedad de opciones de soporte en l\u00ednea). Recomendamos encarecidamente que todos los usuarios de descargar, instalar y probar la versi\u00f3n de prueba antes de hacer una compra.<\/li><li>En caso de que el producto no incluye ni apoya una caracter\u00edstica como anuncian en nuestra p\u00e1gina web, es posible que, a nuestro criterio, emitir un reembolso. En tales casos, un LOD (Carta de Destrucci\u00f3n) en papel con membrete de la empresa estar\u00e1 obligado a tramitar la devoluci\u00f3n.<\/li><li>No se emitir\u00e1 ning\u00fan reembolso por los pagos realizados por las tarifas de suscripci\u00f3n anuales. Todos los paquetes que ofrecemos tienen su tarifa de suscripci\u00f3n espec\u00edfica que debe pagarse anualmente. Los pagos de un producto no se pueden transferir a otro producto.<\/li><li>No habr\u00e1 reembolsos emitidos para los productos de shareware o archivos web una vez que se han registrado o instalado en su servidor. Si usted solicit\u00f3 caracter\u00edsticas adicionales a\u00f1adidas al software, el reembolso no se expedir\u00e1 para estos cargos adicionales.<\/li><li>Si se usaron o no los productos de shareware o archivos web, no tiene una influencia en nr.7 declaraci\u00f3n de esta pol\u00edtica de reembolso.<\/li><li>Si solicit\u00f3 funciones adicionales agregadas al software, no se emitir\u00e1n reembolsos por estos cargos adicionales.<\/li><li>Es su responsabilidad familiarizarse con esta pol\u00edtica de reembolso. Al realizar un pedido de cualquiera de nuestros productos, usted indica que ha le\u00eddo esta pol\u00edtica de reembolso y esta de acuerdo y acepta los t\u00e9rminos de esta pol\u00edtica de reembolso.<\/li><\/ul><p>\u00a0 \u00a0 \u00a0 Por favor env\u00ede sus preguntas sobre nuestra pol\u00edtica de reembolso a info@easyrentpro.com<\/p>\t\t\t\t\t\t<\/div>\n\t\t\t\t<\/div>\n\t\t\t\t\t<\/div>\n\t\t<\/div>\n\t\t\t\t\t\t\t<\/div>\n\t\t<\/section>\n\t\t\t\t\t\t\t<\/div>\n\t\t","protected":false},"excerpt":{"rendered":"<p>Politica de Reembolso Productos \u201cEasyRentPro Software\u201d son descargables, completamente funcional, y \u201cprobar antes de comprar\u201d. Para su comodidad le ofrecemos&#8230;<\/p>\n","protected":false},"author":1,"featured_media":0,"parent":0,"menu_order":0,"comment_status":"closed","ping_status":"closed","template":"elementor_header_footer","meta":{"om_disable_all_campaigns":false,"_mi_skip_tracking":false,"footnotes":""},"class_list":["post-13777","page","type-page","status-publish","hentry"],"aioseo_notices":[],"_links":{"self":[{"href":"https:\/\/www.easyrentpro.com\/es\/wp-json\/wp\/v2\/pages\/13777","targetHints":{"allow":["GET"]}}],"collection":[{"href":"https:\/\/www.easyrentpro.com\/es\/wp-json\/wp\/v2\/pages"}],"about":[{"href":"https:\/\/www.easyrentpro.com\/es\/wp-json\/wp\/v2\/types\/page"}],"author":[{"embeddable":true,"href":"https:\/\/www.easyrentpro.com\/es\/wp-json\/wp\/v2\/users\/1"}],"replies":[{"embeddable":true,"href":"https:\/\/www.easyrentpro.com\/es\/wp-json\/wp\/v2\/comments?post=13777"}],"version-history":[{"count":7,"href":"https:\/\/www.easyrentpro.com\/es\/wp-json\/wp\/v2\/pages\/13777\/revisions"}],"predecessor-version":[{"id":13785,"href":"https:\/\/www.easyrentpro.com\/es\/wp-json\/wp\/v2\/pages\/13777\/revisions\/13785"}],"wp:attachment":[{"href":"https:\/\/www.easyrentpro.com\/es\/wp-json\/wp\/v2\/media?parent=13777"}],"curies":[{"name":"wp","href":"https:\/\/api.w.org\/{rel}","templated":true}]}}