{"id":13713,"date":"2023-01-13T12:32:33","date_gmt":"2023-01-13T12:32:33","guid":{"rendered":"https:\/\/www.easyrentpro.com\/gdpr\/"},"modified":"2023-01-25T09:53:57","modified_gmt":"2023-01-25T09:53:57","slug":"gdpr","status":"publish","type":"page","link":"https:\/\/www.easyrentpro.com\/es\/gdpr\/","title":{"rendered":"GDPR"},"content":{"rendered":"\t\t<div data-elementor-type=\"wp-page\" data-elementor-id=\"13713\" class=\"elementor elementor-13713 elementor-315\">\n\t\t\t\t\t\t\t\t\t<section class=\"elementor-section elementor-top-section elementor-element elementor-element-62eecb9 elementor-section-height-min-height elementor-section-boxed elementor-section-height-default elementor-section-items-middle\" data-id=\"62eecb9\" data-element_type=\"section\" data-settings=\"{&quot;background_background&quot;:&quot;classic&quot;}\">\n\t\t\t\t\t\t\t<div class=\"elementor-background-overlay\"><\/div>\n\t\t\t\t\t\t\t<div class=\"elementor-container elementor-column-gap-default\">\n\t\t\t\t\t<div class=\"elementor-column elementor-col-100 elementor-top-column elementor-element elementor-element-b0507be\" data-id=\"b0507be\" data-element_type=\"column\">\n\t\t\t<div class=\"elementor-widget-wrap elementor-element-populated\">\n\t\t\t\t\t\t\t\t<div class=\"elementor-element elementor-element-432a212 elementor-widget elementor-widget-heading\" data-id=\"432a212\" data-element_type=\"widget\" data-widget_type=\"heading.default\">\n\t\t\t\t<div class=\"elementor-widget-container\">\n\t\t\t<style>\/*! elementor - v3.12.1 - 02-04-2023 *\/\n.elementor-heading-title{padding:0;margin:0;line-height:1}.elementor-widget-heading .elementor-heading-title[class*=elementor-size-]>a{color:inherit;font-size:inherit;line-height:inherit}.elementor-widget-heading .elementor-heading-title.elementor-size-small{font-size:15px}.elementor-widget-heading .elementor-heading-title.elementor-size-medium{font-size:19px}.elementor-widget-heading .elementor-heading-title.elementor-size-large{font-size:29px}.elementor-widget-heading .elementor-heading-title.elementor-size-xl{font-size:39px}.elementor-widget-heading .elementor-heading-title.elementor-size-xxl{font-size:59px}<\/style><h2 class=\"elementor-heading-title elementor-size-default\">GDPR<\/h2>\t\t<\/div>\n\t\t\t\t<\/div>\n\t\t\t\t\t<\/div>\n\t\t<\/div>\n\t\t\t\t\t\t\t<\/div>\n\t\t<\/section>\n\t\t\t\t<section class=\"elementor-section elementor-top-section elementor-element elementor-element-1d94649 elementor-section-boxed elementor-section-height-default elementor-section-height-default\" data-id=\"1d94649\" data-element_type=\"section\" data-settings=\"{&quot;background_background&quot;:&quot;classic&quot;}\">\n\t\t\t\t\t\t<div class=\"elementor-container elementor-column-gap-default\">\n\t\t\t\t\t<div class=\"elementor-column elementor-col-100 elementor-top-column elementor-element elementor-element-7147b63\" data-id=\"7147b63\" data-element_type=\"column\">\n\t\t\t<div class=\"elementor-widget-wrap elementor-element-populated\">\n\t\t\t\t\t\t\t\t<div class=\"elementor-element elementor-element-e675471 elementor-widget elementor-widget-heading\" data-id=\"e675471\" data-element_type=\"widget\" data-widget_type=\"heading.default\">\n\t\t\t\t<div class=\"elementor-widget-container\">\n\t\t\t<h2 class=\"elementor-heading-title elementor-size-default\">\u00bfQu\u00e9 es GDPR y cu\u00e1ndo tendr\u00e1 efecto?<\/h2>\t\t<\/div>\n\t\t\t\t<\/div>\n\t\t\t\t<div class=\"elementor-element elementor-element-c82eaab elementor-widget elementor-widget-text-editor\" data-id=\"c82eaab\" data-element_type=\"widget\" data-widget_type=\"text-editor.default\">\n\t\t\t\t<div class=\"elementor-widget-container\">\n\t\t\t<style>\/*! elementor - v3.12.1 - 02-04-2023 *\/\n.elementor-widget-text-editor.elementor-drop-cap-view-stacked .elementor-drop-cap{background-color:#69727d;color:#fff}.elementor-widget-text-editor.elementor-drop-cap-view-framed .elementor-drop-cap{color:#69727d;border:3px solid;background-color:transparent}.elementor-widget-text-editor:not(.elementor-drop-cap-view-default) .elementor-drop-cap{margin-top:8px}.elementor-widget-text-editor:not(.elementor-drop-cap-view-default) .elementor-drop-cap-letter{width:1em;height:1em}.elementor-widget-text-editor .elementor-drop-cap{float:left;text-align:center;line-height:1;font-size:50px}.elementor-widget-text-editor .elementor-drop-cap-letter{display:inline-block}<\/style>\t\t\t\t<p>El Reglamento General de Protecci\u00f3n de Datos (GDPR) es un marco legal que establece directrices para la recopilaci\u00f3n y el procesamiento de informaci\u00f3n personal de personas dentro de la Uni\u00f3n Europea (UE).<\/p><p>Es aplicable en todos los pa\u00edses de la UE desde el 25 de mayo de 2018.<\/p>\t\t\t\t\t\t<\/div>\n\t\t\t\t<\/div>\n\t\t\t\t<div class=\"elementor-element elementor-element-b515313 elementor-widget elementor-widget-heading\" data-id=\"b515313\" data-element_type=\"widget\" data-widget_type=\"heading.default\">\n\t\t\t\t<div class=\"elementor-widget-container\">\n\t\t\t<h2 class=\"elementor-heading-title elementor-size-default\">\u00bfA qu\u00e9 informaci\u00f3n se aplica la GDPR?<\/h2>\t\t<\/div>\n\t\t\t\t<\/div>\n\t\t\t\t<div class=\"elementor-element elementor-element-2f93d6a elementor-widget elementor-widget-text-editor\" data-id=\"2f93d6a\" data-element_type=\"widget\" data-widget_type=\"text-editor.default\">\n\t\t\t\t<div class=\"elementor-widget-container\">\n\t\t\t\t\t\t\t<p>El GDPR se aplica a los \u201cdatos personales\u201d, lo que significa cualquier informaci\u00f3n relacionada con una persona identificable que pueda identificarse directa o indirectamente, en particular, por referencia a un identificador.<\/p>\t\t\t\t\t\t<\/div>\n\t\t\t\t<\/div>\n\t\t\t\t<div class=\"elementor-element elementor-element-fd4e9ec elementor-widget elementor-widget-heading\" data-id=\"fd4e9ec\" data-element_type=\"widget\" data-widget_type=\"heading.default\">\n\t\t\t\t<div class=\"elementor-widget-container\">\n\t\t\t<h2 class=\"elementor-heading-title elementor-size-default\">\u00bfA qui\u00e9n se aplica la GDPR?<\/h2>\t\t<\/div>\n\t\t\t\t<\/div>\n\t\t\t\t<div class=\"elementor-element elementor-element-07147ba elementor-widget elementor-widget-text-editor\" data-id=\"07147ba\" data-element_type=\"widget\" data-widget_type=\"text-editor.default\">\n\t\t\t\t<div class=\"elementor-widget-container\">\n\t\t\t\t\t\t\t<p>El GDPR se aplica a \u2018controladores\u2019 y \u2018procesadores\u2019.<\/p><p>Un controlador determina los prop\u00f3sitos y los medios de procesamiento de datos personales.<\/p><p>Un procesador es responsable de procesar los datos personales en nombre de un controlador.<\/p>\t\t\t\t\t\t<\/div>\n\t\t\t\t<\/div>\n\t\t\t\t<div class=\"elementor-element elementor-element-37e46b9 elementor-widget elementor-widget-heading\" data-id=\"37e46b9\" data-element_type=\"widget\" data-widget_type=\"heading.default\">\n\t\t\t\t<div class=\"elementor-widget-container\">\n\t\t\t<h2 class=\"elementor-heading-title elementor-size-default\">\u00bfEl GDPR solo se aplica a las organizaciones de la UE?<\/h2>\t\t<\/div>\n\t\t\t\t<\/div>\n\t\t\t\t<div class=\"elementor-element elementor-element-a8303d3 elementor-widget elementor-widget-text-editor\" data-id=\"a8303d3\" data-element_type=\"widget\" data-widget_type=\"text-editor.default\">\n\t\t\t\t<div class=\"elementor-widget-container\">\n\t\t\t\t\t\t\t<p>El GDPR se aplica al procesamiento llevado a cabo por organizaciones que operan dentro de la UE. Tambi\u00e9n se aplica a organizaciones fuera de la UE que ofrecen mercanc\u00edas o servicios a personas en la UE.<\/p>\t\t\t\t\t\t<\/div>\n\t\t\t\t<\/div>\n\t\t\t\t<div class=\"elementor-element elementor-element-f8b7b34 elementor-widget elementor-widget-heading\" data-id=\"f8b7b34\" data-element_type=\"widget\" data-widget_type=\"heading.default\">\n\t\t\t\t<div class=\"elementor-widget-container\">\n\t\t\t<h2 class=\"elementor-heading-title elementor-size-default\">\u00bfEasy Rent Pro cumplir\u00e1 con GDPR?<\/h2>\t\t<\/div>\n\t\t\t\t<\/div>\n\t\t\t\t<div class=\"elementor-element elementor-element-749421b elementor-widget elementor-widget-text-editor\" data-id=\"749421b\" data-element_type=\"widget\" data-widget_type=\"text-editor.default\">\n\t\t\t\t<div class=\"elementor-widget-container\">\n\t\t\t\t\t\t\t<p>S\u00ed. Seg\u00fan el GDPR, Easy Rent Pro es un procesador de datos y controlador. Esto significa que tenemos la intenci\u00f3n de cumplir con nuestras obligaciones GDPR en todos los aspectos. toda nuestra empresa es consciente de nuestras obligaciones de GDPR, y por lo tanto todos los procesos y sistemas se han ajustado para cumplir con GDPR.<\/p>\t\t\t\t\t\t<\/div>\n\t\t\t\t<\/div>\n\t\t\t\t<div class=\"elementor-element elementor-element-8531587 elementor-widget elementor-widget-heading\" data-id=\"8531587\" data-element_type=\"widget\" data-widget_type=\"heading.default\">\n\t\t\t\t<div class=\"elementor-widget-container\">\n\t\t\t<h2 class=\"elementor-heading-title elementor-size-default\">\u00bfMi negocio cumplir\u00e1 autom\u00e1ticamente con GDPR, cuando Easy Rent Pro cumple?<\/h2>\t\t<\/div>\n\t\t\t\t<\/div>\n\t\t\t\t<div class=\"elementor-element elementor-element-a36a143 elementor-widget elementor-widget-text-editor\" data-id=\"a36a143\" data-element_type=\"widget\" data-widget_type=\"text-editor.default\">\n\t\t\t\t<div class=\"elementor-widget-container\">\n\t\t\t\t\t\t\t<p>No. Todas las empresas necesitar\u00e1n evaluar sus propias responsabilidades con respecto a GDPR.<\/p><p>Le recomendamos que se contacte con un profesional del \u00e1mbito jur\u00eddico para confirmar c\u00f3mo afectar\u00e1 el GDPR a su negocio.<\/p>\t\t\t\t\t\t<\/div>\n\t\t\t\t<\/div>\n\t\t\t\t\t<\/div>\n\t\t<\/div>\n\t\t\t\t\t\t\t<\/div>\n\t\t<\/section>\n\t\t\t\t\t\t\t<\/div>\n\t\t","protected":false},"excerpt":{"rendered":"<p>GDPR \u00bfQu\u00e9 es GDPR y cu\u00e1ndo tendr\u00e1 efecto? El Reglamento General de Protecci\u00f3n de Datos (GDPR) es un marco legal&#8230;<\/p>\n","protected":false},"author":1,"featured_media":0,"parent":0,"menu_order":0,"comment_status":"closed","ping_status":"closed","template":"elementor_header_footer","meta":{"om_disable_all_campaigns":false,"_mi_skip_tracking":false,"footnotes":""},"class_list":["post-13713","page","type-page","status-publish","hentry"],"aioseo_notices":[],"_links":{"self":[{"href":"https:\/\/www.easyrentpro.com\/es\/wp-json\/wp\/v2\/pages\/13713","targetHints":{"allow":["GET"]}}],"collection":[{"href":"https:\/\/www.easyrentpro.com\/es\/wp-json\/wp\/v2\/pages"}],"about":[{"href":"https:\/\/www.easyrentpro.com\/es\/wp-json\/wp\/v2\/types\/page"}],"author":[{"embeddable":true,"href":"https:\/\/www.easyrentpro.com\/es\/wp-json\/wp\/v2\/users\/1"}],"replies":[{"embeddable":true,"href":"https:\/\/www.easyrentpro.com\/es\/wp-json\/wp\/v2\/comments?post=13713"}],"version-history":[{"count":4,"href":"https:\/\/www.easyrentpro.com\/es\/wp-json\/wp\/v2\/pages\/13713\/revisions"}],"predecessor-version":[{"id":13736,"href":"https:\/\/www.easyrentpro.com\/es\/wp-json\/wp\/v2\/pages\/13713\/revisions\/13736"}],"wp:attachment":[{"href":"https:\/\/www.easyrentpro.com\/es\/wp-json\/wp\/v2\/media?parent=13713"}],"curies":[{"name":"wp","href":"https:\/\/api.w.org\/{rel}","templated":true}]}}